{"id":652,"date":"2025-03-27T14:35:07","date_gmt":"2025-03-27T13:35:07","guid":{"rendered":"http:\/\/localhost\/savills\/contact"},"modified":"2026-02-24T11:34:04","modified_gmt":"2026-02-24T10:34:04","slug":"contact","status":"publish","type":"page","link":"https:\/\/dev.officemarket.pl\/en\/contact","title":{"rendered":"Contact"},"content":{"rendered":"","protected":false},"excerpt":{"rendered":"","protected":false},"author":1,"featured_media":0,"parent":0,"menu_order":0,"comment_status":"closed","ping_status":"closed","template":"template-contact.php","meta":{"_acf_changed":false,"footnotes":""},"class_list":["post-652","page","type-page","status-publish","hentry"],"acf":{"tlo":false,"obrazek_1":false,"obrazek_2":false,"obrazek_3":false,"obrazek_4":false,"obrazek_5":false,"biura_na_mapie":[{"dane_biura":{"tytul":"Office Warsaw","adres_i_kontakt":"al. Jana Paw\u0142a II 22<br>00-133 Warszawa","dlugosc_geograficzna_pinezka":"20.998268568771714","szerokosc_geograficzna_pinezka":"52.23628050995315","e-mail":"war@savills.pl","telefon":"+48 22 222 4000"},"doradca_1":{"doradca_wybor_1":{"ID":20632,"post_author":"2","post_date":"2026-02-17 09:07:31","post_date_gmt":"2026-02-17 08:07:31","post_content":"","post_title":"Jaros\u0142aw Pilch","post_excerpt":"","post_status":"publish","comment_status":"closed","ping_status":"closed","post_password":"","post_name":"jaroslaw-pilch","to_ping":"","pinged":"","post_modified":"2026-02-23 12:58:37","post_modified_gmt":"2026-02-23 11:58:37","post_content_filtered":"","post_parent":0,"guid":"https:\/\/officemarket.pl\/?post_type=doradcy&#038;p=20632","menu_order":0,"post_type":"doradcy","post_mime_type":"","comment_count":"0","filter":"raw"}},"doradca_2":{"doradca_wybor_2":{"ID":20660,"post_author":"2","post_date":"2026-02-17 09:18:35","post_date_gmt":"2026-02-17 08:18:35","post_content":"","post_title":"Joanna Le\u0144kowska","post_excerpt":"","post_status":"publish","comment_status":"closed","ping_status":"closed","post_password":"","post_name":"joanna-lenkowska","to_ping":"","pinged":"","post_modified":"2026-02-17 14:07:02","post_modified_gmt":"2026-02-17 13:07:02","post_content_filtered":"","post_parent":0,"guid":"https:\/\/officemarket.pl\/?post_type=doradcy&#038;p=20660","menu_order":0,"post_type":"doradcy","post_mime_type":"","comment_count":"0","filter":"raw"}}},{"dane_biura":{"tytul":"Office Gda\u0144sk","adres_i_kontakt":"Grunwaldzka 415<br>80-309 Gda\u0144sk","dlugosc_geograficzna_pinezka":"18.575373197708057","szerokosc_geograficzna_pinezka":"54.40103393540196","e-mail":"gda@savills.pl","telefon":"+48 22 222 4000"},"doradca_1":{"doradca_wybor_1":{"ID":20641,"post_author":"2","post_date":"2026-02-17 09:13:02","post_date_gmt":"2026-02-17 08:13:02","post_content":"","post_title":"Piotr Skuza","post_excerpt":"","post_status":"publish","comment_status":"closed","ping_status":"closed","post_password":"","post_name":"piotr-skuza","to_ping":"","pinged":"","post_modified":"2026-02-17 09:13:02","post_modified_gmt":"2026-02-17 08:13:02","post_content_filtered":"","post_parent":0,"guid":"https:\/\/officemarket.pl\/?post_type=doradcy&#038;p=20641","menu_order":0,"post_type":"doradcy","post_mime_type":"","comment_count":"0","filter":"raw"}},"doradca_2":{"doradca_wybor_2":false}},{"dane_biura":{"tytul":"Office Katowice","adres_i_kontakt":"ul. Chorzowska 150<br>40-121 Katowice","dlugosc_geograficzna_pinezka":"18.99808942450435","szerokosc_geograficzna_pinezka":"50.26970244436325","e-mail":"kat@savills.pl","telefon":"+48 22 222 4000"},"doradca_1":{"doradca_wybor_1":{"ID":20644,"post_author":"2","post_date":"2026-02-17 09:13:59","post_date_gmt":"2026-02-17 08:13:59","post_content":"","post_title":"Wojciech Mazur","post_excerpt":"","post_status":"publish","comment_status":"closed","ping_status":"closed","post_password":"","post_name":"wojciech-mazur","to_ping":"","pinged":"","post_modified":"2026-02-17 09:13:59","post_modified_gmt":"2026-02-17 08:13:59","post_content_filtered":"","post_parent":0,"guid":"https:\/\/officemarket.pl\/?post_type=doradcy&#038;p=20644","menu_order":0,"post_type":"doradcy","post_mime_type":"","comment_count":"0","filter":"raw"}},"doradca_2":{"doradca_wybor_2":{"ID":20654,"post_author":"2","post_date":"2026-02-17 09:16:53","post_date_gmt":"2026-02-17 08:16:53","post_content":"","post_title":"Marcin Gawlik","post_excerpt":"","post_status":"publish","comment_status":"closed","ping_status":"closed","post_password":"","post_name":"marcin-gawlik","to_ping":"","pinged":"","post_modified":"2026-02-17 10:20:00","post_modified_gmt":"2026-02-17 09:20:00","post_content_filtered":"","post_parent":0,"guid":"https:\/\/officemarket.pl\/?post_type=doradcy&#038;p=20654","menu_order":0,"post_type":"doradcy","post_mime_type":"","comment_count":"0","filter":"raw"}}},{"dane_biura":{"tytul":"Office Krak\u00f3w","adres_i_kontakt":"ul. Kurniki 9<br>31-156 Krak\u00f3w","dlugosc_geograficzna_pinezka":"19.944554284017624","szerokosc_geograficzna_pinezka":"50.067157699028286","e-mail":"krk@savills.pl","telefon":"+48 22 222 4000"},"doradca_1":{"doradca_wybor_1":{"ID":20644,"post_author":"2","post_date":"2026-02-17 09:13:59","post_date_gmt":"2026-02-17 08:13:59","post_content":"","post_title":"Wojciech Mazur","post_excerpt":"","post_status":"publish","comment_status":"closed","ping_status":"closed","post_password":"","post_name":"wojciech-mazur","to_ping":"","pinged":"","post_modified":"2026-02-17 09:13:59","post_modified_gmt":"2026-02-17 08:13:59","post_content_filtered":"","post_parent":0,"guid":"https:\/\/officemarket.pl\/?post_type=doradcy&#038;p=20644","menu_order":0,"post_type":"doradcy","post_mime_type":"","comment_count":"0","filter":"raw"}},"doradca_2":{"doradca_wybor_2":{"ID":20654,"post_author":"2","post_date":"2026-02-17 09:16:53","post_date_gmt":"2026-02-17 08:16:53","post_content":"","post_title":"Marcin Gawlik","post_excerpt":"","post_status":"publish","comment_status":"closed","ping_status":"closed","post_password":"","post_name":"marcin-gawlik","to_ping":"","pinged":"","post_modified":"2026-02-17 10:20:00","post_modified_gmt":"2026-02-17 09:20:00","post_content_filtered":"","post_parent":0,"guid":"https:\/\/officemarket.pl\/?post_type=doradcy&#038;p=20654","menu_order":0,"post_type":"doradcy","post_mime_type":"","comment_count":"0","filter":"raw"}}},{"dane_biura":{"tytul":"Office Pozna\u0144","adres_i_kontakt":"ul. M\u0142y\u0144ska 12<br>61-730 Pozna\u0144","dlugosc_geograficzna_pinezka":"16.925989097615563","szerokosc_geograficzna_pinezka":"52.41084168296008","e-mail":"poz@savills.pl","telefon":"+48 22 222 4000"},"doradca_1":{"doradca_wybor_1":{"ID":20642,"post_author":"2","post_date":"2026-02-17 09:13:18","post_date_gmt":"2026-02-17 08:13:18","post_content":"","post_title":"Mateusz Jakubowicz","post_excerpt":"","post_status":"publish","comment_status":"closed","ping_status":"closed","post_password":"","post_name":"mateusz-jakubowicz","to_ping":"","pinged":"","post_modified":"2026-02-17 09:13:18","post_modified_gmt":"2026-02-17 08:13:18","post_content_filtered":"","post_parent":0,"guid":"https:\/\/officemarket.pl\/?post_type=doradcy&#038;p=20642","menu_order":0,"post_type":"doradcy","post_mime_type":"","comment_count":"0","filter":"raw"}},"doradca_2":{"doradca_wybor_2":{"ID":20643,"post_author":"2","post_date":"2026-02-17 09:13:38","post_date_gmt":"2026-02-17 08:13:38","post_content":"","post_title":"Anna Rejmisz","post_excerpt":"","post_status":"publish","comment_status":"closed","ping_status":"closed","post_password":"","post_name":"anna-rejmisz","to_ping":"","pinged":"","post_modified":"2026-02-17 09:13:38","post_modified_gmt":"2026-02-17 08:13:38","post_content_filtered":"","post_parent":0,"guid":"https:\/\/officemarket.pl\/?post_type=doradcy&#038;p=20643","menu_order":0,"post_type":"doradcy","post_mime_type":"","comment_count":"0","filter":"raw"}}},{"dane_biura":{"tytul":"Office Wroc\u0142aw","adres_i_kontakt":"ul. Sucha 2<br>50-086 Wroc\u0142aw","dlugosc_geograficzna_pinezka":"17.033754184063415","szerokosc_geograficzna_pinezka":"51.09800642303382","e-mail":"wro@savills.pl","telefon":"+48 22 222 4000"},"doradca_1":{"doradca_wybor_1":{"ID":20645,"post_author":"2","post_date":"2026-02-17 09:14:17","post_date_gmt":"2026-02-17 08:14:17","post_content":"","post_title":"Dorota Ko\u015bcielniak","post_excerpt":"","post_status":"publish","comment_status":"closed","ping_status":"closed","post_password":"","post_name":"dorota-koscielniak","to_ping":"","pinged":"","post_modified":"2026-02-17 09:14:17","post_modified_gmt":"2026-02-17 08:14:17","post_content_filtered":"","post_parent":0,"guid":"https:\/\/officemarket.pl\/?post_type=doradcy&#038;p=20645","menu_order":0,"post_type":"doradcy","post_mime_type":"","comment_count":"0","filter":"raw"}},"doradca_2":{"doradca_wybor_2":false}}]},"yoast_head":"<!-- This site is optimized with the Yoast SEO plugin v27.2 - https:\/\/yoast.com\/product\/yoast-seo-wordpress\/ -->\n<title>Contact - Officemarket.pl by Savills<\/title>\n<meta name=\"robots\" content=\"noindex, follow, max-snippet:-1, max-image-preview:large, max-video-preview:-1\" \/>\n<meta property=\"og:locale\" content=\"en_US\" \/>\n<meta property=\"og:type\" content=\"article\" \/>\n<meta property=\"og:title\" content=\"Contact - Officemarket.pl by Savills\" \/>\n<meta property=\"og:url\" content=\"https:\/\/dev.officemarket.pl\/en\/contact\" \/>\n<meta property=\"og:site_name\" content=\"Officemarket.pl by Savills\" \/>\n<meta property=\"article:modified_time\" content=\"2026-02-24T10:34:04+00:00\" \/>\n<meta name=\"twitter:card\" content=\"summary_large_image\" \/>\n<script type=\"application\/ld+json\" class=\"yoast-schema-graph\">{\"@context\":\"https:\/\/schema.org\",\"@graph\":[{\"@type\":\"WebPage\",\"@id\":\"https:\/\/dev.officemarket.pl\/en\/contact\",\"url\":\"https:\/\/dev.officemarket.pl\/en\/contact\",\"name\":\"Contact - Officemarket.pl by Savills\",\"isPartOf\":{\"@id\":\"https:\/\/dev.officemarket.pl\/en#website\"},\"datePublished\":\"2025-03-27T13:35:07+00:00\",\"dateModified\":\"2026-02-24T10:34:04+00:00\",\"breadcrumb\":{\"@id\":\"https:\/\/dev.officemarket.pl\/en\/contact#breadcrumb\"},\"inLanguage\":\"en-US\",\"potentialAction\":[{\"@type\":\"ReadAction\",\"target\":[\"https:\/\/dev.officemarket.pl\/en\/contact\"]}]},{\"@type\":\"BreadcrumbList\",\"@id\":\"https:\/\/dev.officemarket.pl\/en\/contact#breadcrumb\",\"itemListElement\":[{\"@type\":\"ListItem\",\"position\":1,\"name\":\"Home\",\"item\":\"https:\/\/dev.officemarket.pl\/en\/\"},{\"@type\":\"ListItem\",\"position\":2,\"name\":\"Contact\"}]},{\"@type\":\"WebSite\",\"@id\":\"https:\/\/dev.officemarket.pl\/en#website\",\"url\":\"https:\/\/dev.officemarket.pl\/en\",\"name\":\"Officemarket.pl by Savills\",\"description\":\"\",\"potentialAction\":[{\"@type\":\"SearchAction\",\"target\":{\"@type\":\"EntryPoint\",\"urlTemplate\":\"https:\/\/dev.officemarket.pl\/en?s={search_term_string}\"},\"query-input\":{\"@type\":\"PropertyValueSpecification\",\"valueRequired\":true,\"valueName\":\"search_term_string\"}}],\"inLanguage\":\"en-US\"}]}<\/script>\n<!-- \/ Yoast SEO plugin. -->","yoast_head_json":{"title":"Contact - Officemarket.pl by Savills","robots":{"index":"noindex","follow":"follow","max-snippet":"max-snippet:-1","max-image-preview":"max-image-preview:large","max-video-preview":"max-video-preview:-1"},"og_locale":"en_US","og_type":"article","og_title":"Contact - Officemarket.pl by Savills","og_url":"https:\/\/dev.officemarket.pl\/en\/contact","og_site_name":"Officemarket.pl by Savills","article_modified_time":"2026-02-24T10:34:04+00:00","twitter_card":"summary_large_image","schema":{"@context":"https:\/\/schema.org","@graph":[{"@type":"WebPage","@id":"https:\/\/dev.officemarket.pl\/en\/contact","url":"https:\/\/dev.officemarket.pl\/en\/contact","name":"Contact - Officemarket.pl by Savills","isPartOf":{"@id":"https:\/\/dev.officemarket.pl\/en#website"},"datePublished":"2025-03-27T13:35:07+00:00","dateModified":"2026-02-24T10:34:04+00:00","breadcrumb":{"@id":"https:\/\/dev.officemarket.pl\/en\/contact#breadcrumb"},"inLanguage":"en-US","potentialAction":[{"@type":"ReadAction","target":["https:\/\/dev.officemarket.pl\/en\/contact"]}]},{"@type":"BreadcrumbList","@id":"https:\/\/dev.officemarket.pl\/en\/contact#breadcrumb","itemListElement":[{"@type":"ListItem","position":1,"name":"Home","item":"https:\/\/dev.officemarket.pl\/en\/"},{"@type":"ListItem","position":2,"name":"Contact"}]},{"@type":"WebSite","@id":"https:\/\/dev.officemarket.pl\/en#website","url":"https:\/\/dev.officemarket.pl\/en","name":"Officemarket.pl by Savills","description":"","potentialAction":[{"@type":"SearchAction","target":{"@type":"EntryPoint","urlTemplate":"https:\/\/dev.officemarket.pl\/en?s={search_term_string}"},"query-input":{"@type":"PropertyValueSpecification","valueRequired":true,"valueName":"search_term_string"}}],"inLanguage":"en-US"}]}},"_links":{"self":[{"href":"https:\/\/dev.officemarket.pl\/en\/wp-json\/wp\/v2\/pages\/652","targetHints":{"allow":["GET"]}}],"collection":[{"href":"https:\/\/dev.officemarket.pl\/en\/wp-json\/wp\/v2\/pages"}],"about":[{"href":"https:\/\/dev.officemarket.pl\/en\/wp-json\/wp\/v2\/types\/page"}],"author":[{"embeddable":true,"href":"https:\/\/dev.officemarket.pl\/en\/wp-json\/wp\/v2\/users\/1"}],"replies":[{"embeddable":true,"href":"https:\/\/dev.officemarket.pl\/en\/wp-json\/wp\/v2\/comments?post=652"}],"version-history":[{"count":8,"href":"https:\/\/dev.officemarket.pl\/en\/wp-json\/wp\/v2\/pages\/652\/revisions"}],"predecessor-version":[{"id":20910,"href":"https:\/\/dev.officemarket.pl\/en\/wp-json\/wp\/v2\/pages\/652\/revisions\/20910"}],"wp:attachment":[{"href":"https:\/\/dev.officemarket.pl\/en\/wp-json\/wp\/v2\/media?parent=652"}],"curies":[{"name":"wp","href":"https:\/\/api.w.org\/{rel}","templated":true}]}}